{"id":3154,"date":"2025-09-23T10:50:45","date_gmt":"2025-09-23T10:50:45","guid":{"rendered":"https:\/\/jugotex.com\/sr\/?page_id=3154"},"modified":"2025-12-16T08:24:01","modified_gmt":"2025-12-16T08:24:01","slug":"novosti","status":"publish","type":"page","link":"https:\/\/jugotex.com\/sr\/novosti\/","title":{"rendered":"Novosti"},"content":{"rendered":"\t\t<div data-elementor-type=\"wp-page\" data-elementor-id=\"3154\" class=\"elementor elementor-3154\" data-elementor-post-type=\"page\">\n\t\t\t\t<div class=\"elementor-element elementor-element-6767ef4 e-flex e-con-boxed e-con e-parent\" data-id=\"6767ef4\" data-element_type=\"container\">\n\t\t\t\t\t<div class=\"e-con-inner\">\n\t\t\t\t<div class=\"elementor-element elementor-element-94a3a68 elementor-posts__hover-none elementor-grid-3 elementor-grid-tablet-2 elementor-grid-mobile-1 elementor-posts--thumbnail-top elementor-card-shadow-yes elementor-widget elementor-widget-posts\" data-id=\"94a3a68\" data-element_type=\"widget\" id=\"blogs\" data-settings=\"{&quot;cards_row_gap&quot;:{&quot;unit&quot;:&quot;px&quot;,&quot;size&quot;:40,&quot;sizes&quot;:[]},&quot;cards_row_gap_tablet&quot;:{&quot;unit&quot;:&quot;px&quot;,&quot;size&quot;:71,&quot;sizes&quot;:[]},&quot;cards_row_gap_mobile&quot;:{&quot;unit&quot;:&quot;px&quot;,&quot;size&quot;:30,&quot;sizes&quot;:[]},&quot;pagination_type&quot;:&quot;load_more_infinite_scroll&quot;,&quot;cards_columns&quot;:&quot;3&quot;,&quot;cards_columns_tablet&quot;:&quot;2&quot;,&quot;cards_columns_mobile&quot;:&quot;1&quot;,&quot;load_more_spinner&quot;:{&quot;value&quot;:&quot;fas fa-spinner&quot;,&quot;library&quot;:&quot;fa-solid&quot;}}\" data-widget_type=\"posts.cards\">\n\t\t\t\t<div class=\"elementor-widget-container\">\n\t\t\t\t\t\t\t<div class=\"elementor-posts-container elementor-posts elementor-posts--skin-cards elementor-grid\" role=\"list\">\n\t\t\t\t<article class=\"elementor-post elementor-grid-item post-18998 post type-post status-publish format-standard has-post-thumbnail hentry category-uncategorized\" role=\"listitem\">\n\t\t\t<div class=\"elementor-post__card\">\n\t\t\t\t<a class=\"elementor-post__thumbnail__link\" href=\"https:\/\/jugotex.com\/sr\/blog\/2025\/11\/25\/jugotex-at-aa-2025\/\" tabindex=\"-1\" ><div class=\"elementor-post__thumbnail\"><img loading=\"lazy\" decoding=\"async\" width=\"2560\" height=\"1598\" src=\"https:\/\/jugotex.com\/sr\/wp-content\/uploads\/sites\/2\/2025\/11\/detalj-scaled.jpg\" class=\"attachment-full size-full wp-image-19015\" alt=\"\" srcset=\"https:\/\/jugotex.com\/sr\/wp-content\/uploads\/sites\/2\/2025\/11\/detalj-scaled.jpg 2560w, https:\/\/jugotex.com\/sr\/wp-content\/uploads\/sites\/2\/2025\/11\/detalj-300x187.jpg 300w, https:\/\/jugotex.com\/sr\/wp-content\/uploads\/sites\/2\/2025\/11\/detalj-1024x639.jpg 1024w, https:\/\/jugotex.com\/sr\/wp-content\/uploads\/sites\/2\/2025\/11\/detalj-768x479.jpg 768w, https:\/\/jugotex.com\/sr\/wp-content\/uploads\/sites\/2\/2025\/11\/detalj-1536x959.jpg 1536w, https:\/\/jugotex.com\/sr\/wp-content\/uploads\/sites\/2\/2025\/11\/detalj-2048x1278.jpg 2048w\" sizes=\"auto, (max-width: 2560px) 100vw, 2560px\" \/><\/div><\/a>\n\t\t\t\t<div class=\"elementor-post__text\">\n\t\t\t\t<h4 class=\"elementor-post__title\">\n\t\t\t<a href=\"https:\/\/jugotex.com\/sr\/blog\/2025\/11\/25\/jugotex-at-aa-2025\/\" >\n\t\t\t\tJUGOTEX NA A+A 2025\t\t\t<\/a>\n\t\t<\/h4>\n\t\t\t\t<div class=\"elementor-post__excerpt\">\n\t\t\t<p>Sajam A+A 2025, vode\u0107i svetski doga\u0111aj u oblasti bezbednosti, za\u0161tite i zdravlja na radu, odr\u017ean je u Dizeldorfu u Nema\u010dkoj<\/p>\n\t\t<\/div>\n\t\t\t\t\t<div class=\"elementor-post__read-more-wrapper\">\n\t\t\n\t\t<a class=\"elementor-post__read-more\" href=\"https:\/\/jugotex.com\/sr\/blog\/2025\/11\/25\/jugotex-at-aa-2025\/\" aria-label=\"Read more about JUGOTEX NA A+A 2025\" tabindex=\"-1\" >\n\t\t\tRead More\t\t<\/a>\n\n\t\t\t\t\t<\/div>\n\t\t\t\t<\/div>\n\t\t\t\t\t<\/div>\n\t\t<\/article>\n\t\t\t\t<article class=\"elementor-post elementor-grid-item post-18463 post type-post status-publish format-standard has-post-thumbnail hentry category-uncategorized\" role=\"listitem\">\n\t\t\t<div class=\"elementor-post__card\">\n\t\t\t\t<a class=\"elementor-post__thumbnail__link\" href=\"https:\/\/jugotex.com\/sr\/blog\/2025\/10\/18\/jugotex-na-aa-2023\/\" tabindex=\"-1\" ><div class=\"elementor-post__thumbnail\"><img loading=\"lazy\" decoding=\"async\" width=\"703\" height=\"770\" src=\"https:\/\/jugotex.com\/sr\/wp-content\/uploads\/sites\/2\/2025\/10\/pozivnica.jpg\" class=\"attachment-full size-full wp-image-18467\" alt=\"\" srcset=\"https:\/\/jugotex.com\/sr\/wp-content\/uploads\/sites\/2\/2025\/10\/pozivnica.jpg 703w, https:\/\/jugotex.com\/sr\/wp-content\/uploads\/sites\/2\/2025\/10\/pozivnica-274x300.jpg 274w\" sizes=\"auto, (max-width: 703px) 100vw, 703px\" \/><\/div><\/a>\n\t\t\t\t<div class=\"elementor-post__text\">\n\t\t\t\t<h4 class=\"elementor-post__title\">\n\t\t\t<a href=\"https:\/\/jugotex.com\/sr\/blog\/2025\/10\/18\/jugotex-na-aa-2023\/\" >\n\t\t\t\tJUGOTEX NA A+A 2023\t\t\t<\/a>\n\t\t<\/h4>\n\t\t\t\t<div class=\"elementor-post__excerpt\">\n\t\t\t<p>Ja\u010danje partnerstava i predstavljanje inovacija na sajmu A+A 2023 Jugotex je sa ponosom u\u010destvovao na me\u0111unarodnom sajmu A+A 2023, gde<\/p>\n\t\t<\/div>\n\t\t\t\t\t<div class=\"elementor-post__read-more-wrapper\">\n\t\t\n\t\t<a class=\"elementor-post__read-more\" href=\"https:\/\/jugotex.com\/sr\/blog\/2025\/10\/18\/jugotex-na-aa-2023\/\" aria-label=\"Read more about JUGOTEX NA A+A 2023\" tabindex=\"-1\" >\n\t\t\tRead More\t\t<\/a>\n\n\t\t\t\t\t<\/div>\n\t\t\t\t<\/div>\n\t\t\t\t\t<\/div>\n\t\t<\/article>\n\t\t\t\t<article class=\"elementor-post elementor-grid-item post-18453 post type-post status-publish format-standard has-post-thumbnail hentry category-uncategorized\" role=\"listitem\">\n\t\t\t<div class=\"elementor-post__card\">\n\t\t\t\t<a class=\"elementor-post__thumbnail__link\" href=\"https:\/\/jugotex.com\/sr\/blog\/2025\/10\/18\/jugotex-na-aa-2021\/\" tabindex=\"-1\" ><div class=\"elementor-post__thumbnail\"><img loading=\"lazy\" decoding=\"async\" width=\"1024\" height=\"448\" src=\"https:\/\/jugotex.com\/sr\/wp-content\/uploads\/sites\/2\/2025\/10\/invitation_final_2-1024x448-1.jpg\" class=\"attachment-full size-full wp-image-18716\" alt=\"\" srcset=\"https:\/\/jugotex.com\/sr\/wp-content\/uploads\/sites\/2\/2025\/10\/invitation_final_2-1024x448-1.jpg 1024w, https:\/\/jugotex.com\/sr\/wp-content\/uploads\/sites\/2\/2025\/10\/invitation_final_2-1024x448-1-300x131.jpg 300w, https:\/\/jugotex.com\/sr\/wp-content\/uploads\/sites\/2\/2025\/10\/invitation_final_2-1024x448-1-768x336.jpg 768w\" sizes=\"auto, (max-width: 1024px) 100vw, 1024px\" \/><\/div><\/a>\n\t\t\t\t<div class=\"elementor-post__text\">\n\t\t\t\t<h4 class=\"elementor-post__title\">\n\t\t\t<a href=\"https:\/\/jugotex.com\/sr\/blog\/2025\/10\/18\/jugotex-na-aa-2021\/\" >\n\t\t\t\tJUGOTEX NA A+A 2021\t\t\t<\/a>\n\t\t<\/h4>\n\t\t\t\t<div class=\"elementor-post__excerpt\">\n\t\t\t<p>Strengthening Connections and Showcasing Innovation After the global challenges of recent years, Jugotex\u2019s return to the A+A 2021 International Trade<\/p>\n\t\t<\/div>\n\t\t\t\t\t<div class=\"elementor-post__read-more-wrapper\">\n\t\t\n\t\t<a class=\"elementor-post__read-more\" href=\"https:\/\/jugotex.com\/sr\/blog\/2025\/10\/18\/jugotex-na-aa-2021\/\" aria-label=\"Read more about JUGOTEX NA A+A 2021\" tabindex=\"-1\" >\n\t\t\tRead More\t\t<\/a>\n\n\t\t\t\t\t<\/div>\n\t\t\t\t<\/div>\n\t\t\t\t\t<\/div>\n\t\t<\/article>\n\t\t\t\t<article class=\"elementor-post elementor-grid-item post-18431 post type-post status-publish format-standard has-post-thumbnail hentry category-uncategorized\" role=\"listitem\">\n\t\t\t<div class=\"elementor-post__card\">\n\t\t\t\t<a class=\"elementor-post__thumbnail__link\" href=\"https:\/\/jugotex.com\/sr\/blog\/2025\/10\/18\/jugotex-na-aa-2019\/\" tabindex=\"-1\" ><div class=\"elementor-post__thumbnail\"><img loading=\"lazy\" decoding=\"async\" width=\"2560\" height=\"1082\" src=\"https:\/\/jugotex.com\/sr\/wp-content\/uploads\/sites\/2\/2025\/10\/Invitation3_FINAL-scaled.jpg\" class=\"attachment-full size-full wp-image-18432\" alt=\"\" srcset=\"https:\/\/jugotex.com\/sr\/wp-content\/uploads\/sites\/2\/2025\/10\/Invitation3_FINAL-scaled.jpg 2560w, https:\/\/jugotex.com\/sr\/wp-content\/uploads\/sites\/2\/2025\/10\/Invitation3_FINAL-300x127.jpg 300w, https:\/\/jugotex.com\/sr\/wp-content\/uploads\/sites\/2\/2025\/10\/Invitation3_FINAL-1024x433.jpg 1024w, https:\/\/jugotex.com\/sr\/wp-content\/uploads\/sites\/2\/2025\/10\/Invitation3_FINAL-768x325.jpg 768w, https:\/\/jugotex.com\/sr\/wp-content\/uploads\/sites\/2\/2025\/10\/Invitation3_FINAL-1536x649.jpg 1536w, https:\/\/jugotex.com\/sr\/wp-content\/uploads\/sites\/2\/2025\/10\/Invitation3_FINAL-2048x866.jpg 2048w\" sizes=\"auto, (max-width: 2560px) 100vw, 2560px\" \/><\/div><\/a>\n\t\t\t\t<div class=\"elementor-post__text\">\n\t\t\t\t<h4 class=\"elementor-post__title\">\n\t\t\t<a href=\"https:\/\/jugotex.com\/sr\/blog\/2025\/10\/18\/jugotex-na-aa-2019\/\" >\n\t\t\t\tJUGOTEX NA A+A 2019\t\t\t<\/a>\n\t\t<\/h4>\n\t\t\t\t<div class=\"elementor-post__excerpt\">\n\t\t\t<p>Uspe\u0161no predstavljanje novih re\u0161enja za\u0161titne radne ode\u0107e Jugotex, jedan od vode\u0107ih proizvo\u0111a\u010da za\u0161titne radne ode\u0107e u Srbiji, uspe\u0161no je predstavio<\/p>\n\t\t<\/div>\n\t\t\t\t\t<div class=\"elementor-post__read-more-wrapper\">\n\t\t\n\t\t<a class=\"elementor-post__read-more\" href=\"https:\/\/jugotex.com\/sr\/blog\/2025\/10\/18\/jugotex-na-aa-2019\/\" aria-label=\"Read more about JUGOTEX NA A+A 2019\" tabindex=\"-1\" >\n\t\t\tRead More\t\t<\/a>\n\n\t\t\t\t\t<\/div>\n\t\t\t\t<\/div>\n\t\t\t\t\t<\/div>\n\t\t<\/article>\n\t\t\t\t<article class=\"elementor-post elementor-grid-item post-17842 post type-post status-publish format-standard has-post-thumbnail hentry category-uncategorized\" role=\"listitem\">\n\t\t\t<div class=\"elementor-post__card\">\n\t\t\t\t<a class=\"elementor-post__thumbnail__link\" href=\"https:\/\/jugotex.com\/sr\/blog\/2025\/10\/01\/jugotex-dobitnik-biznis-nagrade-bronzana-gazela\/\" tabindex=\"-1\" ><div class=\"elementor-post__thumbnail\"><img loading=\"lazy\" decoding=\"async\" width=\"670\" height=\"447\" src=\"https:\/\/jugotex.com\/sr\/wp-content\/uploads\/sites\/2\/2017\/06\/Gazela_1495099381_670x0-1.jpg\" class=\"attachment-full size-full wp-image-17704\" alt=\"\" srcset=\"https:\/\/jugotex.com\/sr\/wp-content\/uploads\/sites\/2\/2017\/06\/Gazela_1495099381_670x0-1.jpg 670w, https:\/\/jugotex.com\/sr\/wp-content\/uploads\/sites\/2\/2017\/06\/Gazela_1495099381_670x0-1-300x200.jpg 300w\" sizes=\"auto, (max-width: 670px) 100vw, 670px\" \/><\/div><\/a>\n\t\t\t\t<div class=\"elementor-post__text\">\n\t\t\t\t<h4 class=\"elementor-post__title\">\n\t\t\t<a href=\"https:\/\/jugotex.com\/sr\/blog\/2025\/10\/01\/jugotex-dobitnik-biznis-nagrade-bronzana-gazela\/\" >\n\t\t\t\tJUGOTEX \u2013 DOBITNIK BIZNIS NAGRADE \u201cBRONZANA GAZELA\u201d\t\t\t<\/a>\n\t\t<\/h4>\n\t\t\t\t<div class=\"elementor-post__excerpt\">\n\t\t\t<p>Kompanija JUGOTEX je na sve\u010danosti organizovanoj 17. maja u Skup\u0161tini grada Beograda nagra\u0111ena presti\u017enom nagradom BRONZANA GAZELA SRBIJE 2017. Nagrada<\/p>\n\t\t<\/div>\n\t\t\t\t\t<div class=\"elementor-post__read-more-wrapper\">\n\t\t\n\t\t<a class=\"elementor-post__read-more\" href=\"https:\/\/jugotex.com\/sr\/blog\/2025\/10\/01\/jugotex-dobitnik-biznis-nagrade-bronzana-gazela\/\" aria-label=\"Read more about JUGOTEX \u2013 DOBITNIK BIZNIS NAGRADE \u201cBRONZANA GAZELA\u201d\" tabindex=\"-1\" >\n\t\t\tRead More\t\t<\/a>\n\n\t\t\t\t\t<\/div>\n\t\t\t\t<\/div>\n\t\t\t\t\t<\/div>\n\t\t<\/article>\n\t\t\t\t<article class=\"elementor-post elementor-grid-item post-17893 post type-post status-publish format-standard has-post-thumbnail hentry category-promotions\" role=\"listitem\">\n\t\t\t<div class=\"elementor-post__card\">\n\t\t\t\t<a class=\"elementor-post__thumbnail__link\" href=\"https:\/\/jugotex.com\/sr\/blog\/2018\/05\/09\/jugotex-na-business-forumu-kopaonik-2018\/\" tabindex=\"-1\" ><div class=\"elementor-post__thumbnail\"><img loading=\"lazy\" decoding=\"async\" width=\"1850\" height=\"936\" src=\"https:\/\/jugotex.com\/sr\/wp-content\/uploads\/sites\/2\/2018\/05\/Screenshot_1-1.png\" class=\"attachment-full size-full wp-image-17880\" alt=\"\" srcset=\"https:\/\/jugotex.com\/sr\/wp-content\/uploads\/sites\/2\/2018\/05\/Screenshot_1-1.png 1850w, https:\/\/jugotex.com\/sr\/wp-content\/uploads\/sites\/2\/2018\/05\/Screenshot_1-1-300x152.png 300w, https:\/\/jugotex.com\/sr\/wp-content\/uploads\/sites\/2\/2018\/05\/Screenshot_1-1-1024x518.png 1024w, https:\/\/jugotex.com\/sr\/wp-content\/uploads\/sites\/2\/2018\/05\/Screenshot_1-1-768x389.png 768w, https:\/\/jugotex.com\/sr\/wp-content\/uploads\/sites\/2\/2018\/05\/Screenshot_1-1-1536x777.png 1536w\" sizes=\"auto, (max-width: 1850px) 100vw, 1850px\" \/><\/div><\/a>\n\t\t\t\t<div class=\"elementor-post__text\">\n\t\t\t\t<h4 class=\"elementor-post__title\">\n\t\t\t<a href=\"https:\/\/jugotex.com\/sr\/blog\/2018\/05\/09\/jugotex-na-business-forumu-kopaonik-2018\/\" >\n\t\t\t\tJugotex na Business Forumu &#8211; Kopaonik 2018.\t\t\t<\/a>\n\t\t<\/h4>\n\t\t\t\t<div class=\"elementor-post__excerpt\">\n\t\t\t<p>Ove godine, od 4. do 7. marta, odr\u017ean je 25. Kopaonik biznis forum. Ove godine, vi\u0161e od 1.000 u\u010desnika je<\/p>\n\t\t<\/div>\n\t\t\t\t\t<div class=\"elementor-post__read-more-wrapper\">\n\t\t\n\t\t<a class=\"elementor-post__read-more\" href=\"https:\/\/jugotex.com\/sr\/blog\/2018\/05\/09\/jugotex-na-business-forumu-kopaonik-2018\/\" aria-label=\"Read more about Jugotex na Business Forumu &#8211; Kopaonik 2018.\" tabindex=\"-1\" >\n\t\t\tRead More\t\t<\/a>\n\n\t\t\t\t\t<\/div>\n\t\t\t\t<\/div>\n\t\t\t\t\t<\/div>\n\t\t<\/article>\n\t\t\t\t<\/div>\n\t\t\t\t\t<span class=\"e-load-more-spinner\">\n\t\t\t\t<i aria-hidden=\"true\" class=\"fas fa-spinner\"><\/i>\t\t\t<\/span>\n\t\t\n\t\t\t\t<div class=\"e-load-more-anchor\" data-page=\"1\" data-max-page=\"2\" data-next-page=\"https:\/\/jugotex.com\/sr\/wp-json\/wp\/v2\/pages\/3154\/page\/2\/\"><\/div>\n\t\t\t\t<div class=\"e-load-more-message\"><\/div>\n\t\t\t\t\t\t<\/div>\n\t\t\t\t<\/div>\n\t\t\t\t\t<\/div>\n\t\t\t\t<\/div>\n\t\t\t\t<\/div>\n\t\t","protected":false},"excerpt":{"rendered":"","protected":false},"author":1,"featured_media":18035,"parent":0,"menu_order":0,"comment_status":"closed","ping_status":"closed","template":"","meta":{"footnotes":""},"class_list":["post-3154","page","type-page","status-publish","has-post-thumbnail","hentry"],"_links":{"self":[{"href":"https:\/\/jugotex.com\/sr\/wp-json\/wp\/v2\/pages\/3154","targetHints":{"allow":["GET"]}}],"collection":[{"href":"https:\/\/jugotex.com\/sr\/wp-json\/wp\/v2\/pages"}],"about":[{"href":"https:\/\/jugotex.com\/sr\/wp-json\/wp\/v2\/types\/page"}],"author":[{"embeddable":true,"href":"https:\/\/jugotex.com\/sr\/wp-json\/wp\/v2\/users\/1"}],"replies":[{"embeddable":true,"href":"https:\/\/jugotex.com\/sr\/wp-json\/wp\/v2\/comments?post=3154"}],"version-history":[{"count":62,"href":"https:\/\/jugotex.com\/sr\/wp-json\/wp\/v2\/pages\/3154\/revisions"}],"predecessor-version":[{"id":19115,"href":"https:\/\/jugotex.com\/sr\/wp-json\/wp\/v2\/pages\/3154\/revisions\/19115"}],"wp:featuredmedia":[{"embeddable":true,"href":"https:\/\/jugotex.com\/sr\/wp-json\/wp\/v2\/media\/18035"}],"wp:attachment":[{"href":"https:\/\/jugotex.com\/sr\/wp-json\/wp\/v2\/media?parent=3154"}],"curies":[{"name":"wp","href":"https:\/\/api.w.org\/{rel}","templated":true}]}}